{"id":160,"date":"2026-01-16T19:54:14","date_gmt":"2026-01-16T18:54:14","guid":{"rendered":"https:\/\/solas-france.org\/?page_id=160"},"modified":"2026-01-19T14:05:43","modified_gmt":"2026-01-19T13:05:43","slug":"vos-representantes-solas-france","status":"publish","type":"page","link":"https:\/\/solas-france.org\/index.php\/vos-representantes-solas-france\/","title":{"rendered":"Vos repr\u00e9sentantes SOLAS-France"},"content":{"rendered":"\n<div class=\"wp-block-cover alignfull is-light has-parallax\" style=\"min-height:328px;aspect-ratio:unset;\"><div class=\"wp-block-cover__image-background wp-image-172 has-parallax\" style=\"background-position:50% 50%;background-image:url(https:\/\/solas-france.org\/wp-content\/uploads\/2026\/01\/bermudes-5-1024x768.jpg)\"><\/div><span aria-hidden=\"true\" class=\"wp-block-cover__background has-background-dim-0 has-background-dim\"><\/span><div class=\"wp-block-cover__inner-container is-layout-flow wp-block-cover-is-layout-flow\">\n<p class=\"has-text-align-center has-large-font-size\"><\/p>\n<\/div><\/div>\n\n\n\n<div class=\"wp-block-group is-nowrap is-layout-flex wp-container-core-group-is-layout-6c531013 wp-block-group-is-layout-flex\">\n<div class=\"wp-block-group is-nowrap is-layout-flex wp-container-core-group-is-layout-6c531013 wp-block-group-is-layout-flex\">\n<p class=\"has-ti-bg-inv-color has-text-color has-link-color has-medium-font-size wp-elements-9640d64e94dda9ec91293faa2d7ee0ad\"><strong>Marie BOYE<\/strong>* &#8211; Institut de Physique du Globe de Paris <a href=\"mailto:boye@ipgp.fr\">boye@ipgp.fr<\/a><\/p>\n<\/div>\n\n\n\n<figure class=\"wp-block-image aligncenter size-full is-resized\"><img loading=\"lazy\" decoding=\"async\" width=\"206\" height=\"222\" src=\"https:\/\/solas-france.org\/wp-content\/uploads\/2026\/01\/image.png\" alt=\"\" class=\"wp-image-163\" style=\"aspect-ratio:0.9279584517594668;width:139px;height:auto\"\/><\/figure>\n<\/div>\n\n\n\n<div class=\"wp-block-group is-nowrap is-layout-flex wp-container-core-group-is-layout-6c531013 wp-block-group-is-layout-flex\">\n<p class=\"has-ti-bg-inv-color has-text-color has-link-color has-medium-font-size wp-elements-26c93405f2f72931d8251afcc2aee403\"><strong>Karine SELLEGRI<\/strong> &#8211; Laboratoire de M\u00e9t\u00e9orologie Physique  <a href=\"mailto:K.Sellegri@opgc.univ-bpclermont.fr\">K.Sellegri@opgc.univ-bpclermont.fr<\/a><\/p>\n\n\n\n<figure class=\"wp-block-image aligncenter size-full is-resized\"><img loading=\"lazy\" decoding=\"async\" width=\"200\" height=\"222\" src=\"https:\/\/solas-france.org\/wp-content\/uploads\/2026\/01\/image-2.png\" alt=\"\" class=\"wp-image-165\" style=\"aspect-ratio:0.9009181541651416;width:193px;height:auto\"\/><\/figure>\n<\/div>\n\n\n\n<div class=\"wp-block-group is-nowrap is-layout-flex wp-container-core-group-is-layout-6c531013 wp-block-group-is-layout-flex\"><\/div>\n\n\n\n<div class=\"wp-block-group is-nowrap is-layout-flex wp-container-core-group-is-layout-6c531013 wp-block-group-is-layout-flex\"><\/div>\n\n\n\n<p class=\"has-vivid-cyan-blue-color has-text-color has-link-color has-figtree-font-family has-normal-font-size wp-elements-dbbf591497c3aca6ec9e4c1cc0d8c20e\"><em>* \u00e9galement co-chair du <strong>Groupe R\u00e9gional SOLAS Europe<\/strong> <a href=\"https:\/\/www.solas-int.org\/index\/networks\/europe-regional-panel.html\">(https:\/\/www.solas-int.org\/index\/networks\/europe-regional-panel.html<\/a>)<\/em><\/p>\n\n\n\n<p class=\"has-vivid-cyan-blue-color has-text-color has-large-font-size\"><\/p>\n\n\n\n<p><\/p>\n\n\n\n<p class=\"has-vivid-cyan-blue-color has-text-color\"><\/p>\n","protected":false},"excerpt":{"rendered":"<p>Marie BOYE* &#8211; Institut de Physique du Globe de Paris boye@ipgp.fr Karine SELLEGRI &#8211; Laboratoire de M\u00e9t\u00e9orologie Physique K.Sellegri@opgc.univ-bpclermont.fr * \u00e9galement co-chair du Groupe R\u00e9gional SOLAS Europe (https:\/\/www.solas-int.org\/index\/networks\/europe-regional-panel.html)<\/p>\n","protected":false},"author":2,"featured_media":85,"parent":0,"menu_order":0,"comment_status":"closed","ping_status":"closed","template":"","meta":{"footnotes":""},"class_list":["post-160","page","type-page","status-publish","has-post-thumbnail","hentry"],"_links":{"self":[{"href":"https:\/\/solas-france.org\/index.php\/wp-json\/wp\/v2\/pages\/160","targetHints":{"allow":["GET"]}}],"collection":[{"href":"https:\/\/solas-france.org\/index.php\/wp-json\/wp\/v2\/pages"}],"about":[{"href":"https:\/\/solas-france.org\/index.php\/wp-json\/wp\/v2\/types\/page"}],"author":[{"embeddable":true,"href":"https:\/\/solas-france.org\/index.php\/wp-json\/wp\/v2\/users\/2"}],"replies":[{"embeddable":true,"href":"https:\/\/solas-france.org\/index.php\/wp-json\/wp\/v2\/comments?post=160"}],"version-history":[{"count":19,"href":"https:\/\/solas-france.org\/index.php\/wp-json\/wp\/v2\/pages\/160\/revisions"}],"predecessor-version":[{"id":407,"href":"https:\/\/solas-france.org\/index.php\/wp-json\/wp\/v2\/pages\/160\/revisions\/407"}],"wp:featuredmedia":[{"embeddable":true,"href":"https:\/\/solas-france.org\/index.php\/wp-json\/wp\/v2\/media\/85"}],"wp:attachment":[{"href":"https:\/\/solas-france.org\/index.php\/wp-json\/wp\/v2\/media?parent=160"}],"curies":[{"name":"wp","href":"https:\/\/api.w.org\/{rel}","templated":true}]}}