{"id":262,"date":"2026-01-18T15:13:58","date_gmt":"2026-01-18T14:13:58","guid":{"rendered":"https:\/\/solas-france.org\/?page_id=262"},"modified":"2026-04-23T14:03:50","modified_gmt":"2026-04-23T12:03:50","slug":"appels-doffres","status":"publish","type":"page","link":"https:\/\/solas-france.org\/index.php\/appels-doffres\/","title":{"rendered":"Calls"},"content":{"rendered":"\n<p class=\"has-ti-bg-alt-background-color has-background has-open-sans-font-family has-normal-font-size\"><strong>OFFRE DE STAGE M2<\/strong> au LaMP: Formation de nouvelles particules en atmosph\u00e8re marine : utilisation du mod\u00e8le de chimie multiphasique CLEPS pour l\u2019interpr\u00e9tation de donn\u00e9es collect\u00e9es dans des enceintes semi-contr\u00f4l\u00e9es.<\/p>\n\n\n\n<div data-wp-interactive=\"core\/file\" class=\"wp-block-file\"><object data-wp-bind--hidden=\"!state.hasPdfPreview\" hidden class=\"wp-block-file__embed\" data=\"https:\/\/solas-france.org\/wp-content\/uploads\/2026\/01\/Sujet_M2_CLEPS_HAVEN_Vdef.pdf\" type=\"application\/pdf\" style=\"width:100%;height:200px\" aria-label=\"Contenu embarqu\u00e9 Sujet_M2_CLEPS_HAVEN_Vdef.\"><\/object><a id=\"wp-block-file--media-68770bf9-726e-451d-9d2d-7de8e89ec543\" href=\"https:\/\/solas-france.org\/wp-content\/uploads\/2026\/01\/Sujet_M2_CLEPS_HAVEN_Vdef.pdf\">Sujet_M2_CLEPS_HAVEN_Vdef<\/a><a href=\"https:\/\/solas-france.org\/wp-content\/uploads\/2026\/01\/Sujet_M2_CLEPS_HAVEN_Vdef.pdf\" class=\"wp-block-file__button wp-element-button\" download aria-describedby=\"wp-block-file--media-68770bf9-726e-451d-9d2d-7de8e89ec543\">T\u00e9l\u00e9charger<\/a><\/div>\n\n\n\n<hr class=\"wp-block-separator has-alpha-channel-opacity is-style-wide\"\/>\n\n\n\n<div class=\"wp-block-group is-layout-grid wp-container-core-group-is-layout-478b6e6b wp-block-group-is-layout-grid\">\n<figure class=\"wp-block-image size-full is-resized wp-container-content-69bc4bdf\" style=\"margin-top:var(--wp--preset--spacing--70);margin-bottom:var(--wp--preset--spacing--70)\"><img loading=\"lazy\" decoding=\"async\" width=\"508\" height=\"223\" src=\"https:\/\/solas-france.org\/wp-content\/uploads\/2026\/01\/image-9.png\" alt=\"\" class=\"wp-image-543\" style=\"width:285px;height:auto\" srcset=\"https:\/\/solas-france.org\/wp-content\/uploads\/2026\/01\/image-9.png 508w, https:\/\/solas-france.org\/wp-content\/uploads\/2026\/01\/image-9-300x132.png 300w\" sizes=\"auto, (max-width: 508px) 100vw, 508px\" \/><\/figure>\n\n\n\n<p class=\"has-ti-bg-alt-background-color has-background has-open-sans-font-family has-normal-font-size wp-container-content-e29552f7\" style=\"border-top-left-radius:0px;border-top-right-radius:0px;border-bottom-left-radius:0px;border-bottom-right-radius:0px\"><strong>SPECIAL ISSUE <\/strong>jointly organized between Atmospheric Measurement Techniques, Atmospheric Chemistry and Physics, Aerosol Research, and Biogeosciences: <strong>RUSTED: Reducing Uncertainty in Soluble aerosol Trace Element Deposition<\/strong>. <a href=\"https:\/\/acp.copernicus.org\/articles\/special_issue400_1291.html\"><em>https:\/\/acp.copernicus.org\/articles\/special_issue400_1291.html<\/em><\/a><\/p>\n<\/div>\n\n\n\n<hr class=\"wp-block-separator has-alpha-channel-opacity is-style-wide\"\/>\n\n\n\n<div class=\"wp-block-group has-open-sans-font-family has-normal-font-size is-layout-grid wp-container-core-group-is-layout-2f193c21 wp-block-group-is-layout-grid\" style=\"padding-top:0;padding-bottom:0\">\n<p class=\"has-text-align-left has-ti-bg-alt-background-color has-background has-open-sans-font-family has-normal-font-size\" style=\"border-top-left-radius:0px;border-top-right-radius:0px;border-bottom-left-radius:0px;border-bottom-right-radius:0px\"><strong>SPECIAL ISSUE <\/strong>open at Frontiers in Marine Science: <strong>Aerosol Deposition in the Ocean: Drivers and Biogeochemical Effects<\/strong>. <a href=\"https:\/\/www.frontiersin.org\/research-topics\/52367\/aerosol-deposition-in-the-ocean-drivers-and-biogeochemical-effects\"><em>https:\/\/www.frontiersin.org\/research-topics\/52367\/aerosol-deposition-in-the-ocean-drivers-and-biogeochemical-effects<\/em><\/a><\/p>\n\n\n\n<figure class=\"wp-block-image is-resized has-custom-border is-style-rounded wp-container-content-5e2576f9\" style=\"margin-top:var(--wp--preset--spacing--80);margin-right:0;margin-bottom:var(--wp--preset--spacing--80);margin-left:0\"><img decoding=\"async\" src=\"https:\/\/upload.wikimedia.org\/wikipedia\/de\/thumb\/3\/39\/Frontiers_Media_logo.svg\/3840px-Frontiers_Media_logo.svg.png\" alt=\"\" style=\"border-style:none;border-width:0px;border-top-left-radius:0px;border-top-right-radius:0px;border-bottom-left-radius:0px;border-bottom-right-radius:0px;object-fit:cover;width:341px;height:auto\"\/><\/figure>\n<\/div>\n\n\n\n<hr class=\"wp-block-separator has-alpha-channel-opacity is-style-wide\"\/>\n\n\n\n<div class=\"wp-block-group is-content-justification-center is-nowrap is-layout-flex wp-container-core-group-is-layout-23441af8 wp-block-group-is-layout-flex\">\n<figure class=\"wp-block-image aligncenter is-resized\" style=\"margin-top:var(--wp--preset--spacing--20);margin-right:0;margin-bottom:var(--wp--preset--spacing--20);margin-left:0\"><img decoding=\"async\" src=\"https:\/\/www.solas-int.org\/files\/solas-int-2019\/4%20News\/Events\/Events%20%20and%20Events%20Archive\/Summer%20Schools\/SSS%2026\/SSS%2025%20Banner.png\" alt=\"\" style=\"object-fit:cover;width:610px;height:auto\"\/><\/figure>\n\n\n\n<p class=\"has-text-align-left has-ti-bg-alt-background-color has-background has-open-sans-font-family has-normal-font-size\" style=\"border-top-left-radius:0px;border-top-right-radius:0px;border-bottom-left-radius:0px;border-bottom-right-radius:0px\"><strong>SOLAS SUMMER SCHOOL 2026<\/strong>, 9-27 March 2026, Tamandar\u00e9, Brazil (date limite de candidature 15\/10\/25). <a href=\"https:\/\/www.solas-int.org\/events\/solas-events\/summer-school-2026.html\"><em>https:\/\/www.solas-int.org\/events\/solas-events\/summer-school-2026.html<\/em><\/a><\/p>\n<\/div>\n\n\n\n<hr class=\"wp-block-separator has-alpha-channel-opacity is-style-wide\"\/>\n\n\n\n<div class=\"wp-block-group is-nowrap is-layout-flex wp-container-core-group-is-layout-6c531013 wp-block-group-is-layout-flex\">\n<div class=\"wp-block-group is-layout-constrained wp-block-group-is-layout-constrained\">\n<p class=\"has-text-align-left has-ti-bg-alt-background-color has-background has-open-sans-font-family has-normal-font-size\" style=\"border-top-left-radius:0px;border-top-right-radius:0px;border-bottom-left-radius:0px;border-bottom-right-radius:0px\">Renouvellement des membres du <strong>Early Career Scientist Committee<\/strong> de SOLAS (date limite de candidature 09\/01\/26). <em><a href=\"https:\/\/mailchi.mp\/xmu\/solas-announcement-call-ecsc-5875677\">https:\/\/mailchi.mp\/xmu\/solas-announcement-call-ecsc-5875677<\/a><\/em><\/p>\n<\/div>\n\n\n\n<figure class=\"wp-block-image aligncenter is-resized\" style=\"margin-top:0;margin-bottom:0\"><img decoding=\"async\" src=\"https:\/\/mcusercontent.com\/99df8433c00f2d4f20d01e165\/images\/febdeee2-528d-070b-847a-f53c8222fe41.png\" alt=\"\" style=\"aspect-ratio:2.408070385276246;width:522px;height:auto\"\/><\/figure>\n<\/div>\n\n\n\n<hr class=\"wp-block-separator has-alpha-channel-opacity is-style-wide\"\/>\n\n\n\n<div class=\"wp-block-group is-content-justification-right is-nowrap is-layout-flex wp-container-core-group-is-layout-17124a9a wp-block-group-is-layout-flex\">\n<figure class=\"wp-block-image is-resized\"><a href=\"https:\/\/mailchi.mp\/xmu\/solas-announcement-mentorship-call-mentor-2026-5882540\" target=\"_blank\" rel=\"noreferrer noopener\"><img decoding=\"async\" src=\"https:\/\/www.solas-int.org\/assets\/images\/9\/Mentorship-246a4596.png\" alt=\"\n\" style=\"aspect-ratio:1.0999725165786887;width:389px;height:auto\"\/><\/a><\/figure>\n\n\n\n<p class=\"has-ti-bg-alt-background-color has-background has-normal-font-size\"><strong>SOLAS Mentorship Programme 2026-2027 \u2013 Call for Mentors<\/strong> (date limite 24 avril 2026). <a href=\"https:\/\/mailchi.mp\/xmu\/solas-announcement-mentorship-call-mentor-2026-5882540\"><em>https:\/\/mailchi.mp\/xmu\/solas-announcement-mentorship-call-mentor-2026-5882540<\/em><\/a><\/p>\n<\/div>\n\n\n\n<hr class=\"wp-block-separator has-alpha-channel-opacity is-style-wide\"\/>\n\n\n\n<p><\/p>\n","protected":false},"excerpt":{"rendered":"<p>OFFRE DE STAGE M2 au LaMP: Formation de nouvelles particules en atmosph\u00e8re marine : utilisation du mod\u00e8le de chimie multiphasique CLEPS pour l\u2019interpr\u00e9tation de donn\u00e9es collect\u00e9es dans des enceintes semi-contr\u00f4l\u00e9es. SPECIAL ISSUE jointly organized between Atmospheric Measurement Techniques, Atmospheric Chemistry and Physics, Aerosol Research, and Biogeosciences: RUSTED: Reducing Uncertainty in Soluble aerosol Trace Element Deposition. [&hellip;]<\/p>\n","protected":false},"author":2,"featured_media":0,"parent":0,"menu_order":0,"comment_status":"closed","ping_status":"closed","template":"","meta":{"footnotes":""},"class_list":["post-262","page","type-page","status-publish","hentry"],"_links":{"self":[{"href":"https:\/\/solas-france.org\/index.php\/wp-json\/wp\/v2\/pages\/262","targetHints":{"allow":["GET"]}}],"collection":[{"href":"https:\/\/solas-france.org\/index.php\/wp-json\/wp\/v2\/pages"}],"about":[{"href":"https:\/\/solas-france.org\/index.php\/wp-json\/wp\/v2\/types\/page"}],"author":[{"embeddable":true,"href":"https:\/\/solas-france.org\/index.php\/wp-json\/wp\/v2\/users\/2"}],"replies":[{"embeddable":true,"href":"https:\/\/solas-france.org\/index.php\/wp-json\/wp\/v2\/comments?post=262"}],"version-history":[{"count":47,"href":"https:\/\/solas-france.org\/index.php\/wp-json\/wp\/v2\/pages\/262\/revisions"}],"predecessor-version":[{"id":628,"href":"https:\/\/solas-france.org\/index.php\/wp-json\/wp\/v2\/pages\/262\/revisions\/628"}],"wp:attachment":[{"href":"https:\/\/solas-france.org\/index.php\/wp-json\/wp\/v2\/media?parent=262"}],"curies":[{"name":"wp","href":"https:\/\/api.w.org\/{rel}","templated":true}]}}