{"id":316,"date":"2026-01-18T17:43:22","date_gmt":"2026-01-18T16:43:22","guid":{"rendered":"https:\/\/solas-france.org\/?page_id=316"},"modified":"2026-01-18T17:43:22","modified_gmt":"2026-01-18T16:43:22","slug":"publications-2023","status":"publish","type":"page","link":"https:\/\/solas-france.org\/index.php\/publications-2023\/","title":{"rendered":"Publications 2023"},"content":{"rendered":"\n<p>Berthet, S., Jouanno, J., S\u00e9f\u00e9rian, R., Gehlen, M., and Llovel, W.: How does the phytoplankton\u2013light feedback affect the marine N2O inventory?, Earth Syst. Dynam., 14, 399412, https:\/\/doi.org\/10.5194\/esd-14-399-2023, 2023.<\/p>\n\n\n\n<p>Capson, T.L., Boye, M., Machu, E, Schmidt, J.O., Thomas, Y., Capet, X., Diouf, M.: Expanding ocean. observation and climate services to build resilience in West African fisheries. One Earth, 4, 1062-1065,&nbsp; https:\/\/doi.org\/10.1016\/j.oneear.2021.07.010<\/p>\n\n\n\n<p>Chamba G., M. Rissanen, T. Barthelme\u00df, C. Rose, S. Iyer, A. Saint-Macary, A. Saiz-Lopez, M. Rocco, K. Safi, S. Deppeler, N. Barr, M. Harvey, A. Engel, E. Dunne, C.S. Law and K. Sellegri, Nitrate-based nighttime atmospheric nucleation driven by marine microorganisms, PNAS, 120 (48),&nbsp; https:\/\/doi.org\/10.1073\/pnas.2308696120, 2023.<\/p>\n\n\n\n<p>Demasy C. (2023). Solubility and bioavailability of Patagonian dust in the future Southern Ocean. Doctoral thesis, Universit\u00e9 Paris Cit\u00e9. https:\/\/theses.fr\/s230653<\/p>\n\n\n\n<p>Gar\u00e7on, V., Hernandez Ayon, J., Dupont, S., Isensee, K., Currie, K., Widdicombe, S., Telszewski, M., Newton, J., Valauri-Orton, A., Feely, R., Turner, J., Seeyave, S., Dickson A., Venus, M., Hales, B., Kitch, G., Grabb, K., 2024. OARS Outcome 3: Co-design and implement observation strategies. In: Ocean Acidification Research for Sustainability &#8211; A Community Vision for the Ocean Decade. IOC-UNESCO. (IOC Technical Series, 185.) Paris, UNESCO. (pp 27-37).<\/p>\n\n\n\n<p>Lapere R. et al.: Polar Aerosol Atmospheric Rivers: Detection, Characteristics, and Potential Applications, Journal of Geophysical Research: Atmospheres, 129, 2, 2024. doi.org\/10.1029\/2023JD039606<\/p>\n\n\n\n<p>Lapere R. et al.: The Representation of Sea Salt Aerosols and Their Role in Polar Climate Within CMIP6, JGR Atmospheres, 2023. doi.org\/10.1029\/2022JD038235<\/p>\n\n\n\n<p>Mallet M. D., R. S. Humphries, S. L. Fiddes, S. P. A., K. Altieri, H. Angot, N. Anilkumar, T. Bartels-Rausch, J. Creamean, M. Dall\u2019Osto, A. Dommergue, M. Frey, S. Henning, D. Lannuzel, R. Lapere, G. G. Mace, Anoop S. Mahajan, Greg M. McFarquhar, Klaus M. Meiners, B. Miljevic, I. Peeken, A. Protat, J. Schmale, N. Steiner, K. Sellegri, R. Sim\u00f3, J. L. Thomas, M. D. Willis, V. Holly L. Winton, M. T. Woodhouse, Untangling the influence of Antarctic and Southern Ocean life on clouds, Elementa: Science of the Anthropocene (2023) 11 (1): 00130. https:\/\/doi.org\/10.1525\/elementa.2022.00130.<\/p>\n\n\n\n<p>Parouffe A., Gar\u00e7on V., Dewitte B., Paulmier A., Montes I., Parada C., Mecho A. and Veliz D., 2023, Evaluating future climate change exposure of marine habitat in the South East Pacific based on metabolic constraints. Front. Mar. Sci. 9:1055875. doi: 10.3389\/fmars.2022.1055875<\/p>\n\n\n\n<p>Peltola, M., Rose, C., Trueblood, J. V., Gray, S., Harvey, M., and Sellegri, K.: Chemical precursors of new particle formation in coastal New Zealand, Atmos. Chem. Phys., 23, 3955\u20133983, https:\/\/doi.org\/10.5194\/acp-23-3955-2023, 2023.<\/p>\n\n\n\n<p>Resplandy, L., Hogikyan, A., M\u00fcller, J. D., Najjar, R. G., Bange, H. W., Bianchi, D., et al. (2024). A synthesis of global coastal ocean greenhouse gas fluxes. Global Biogeochemical Cycles, 38, e2023GB007803.&nbsp; https:\/\/doi.org\/10.1029\/2023GB007803<\/p>\n\n\n\n<p>Sellegri, K., T. Barthelme\u00df, J. Trueblood, A. Cristi, E. Freney, C. Rose, N. Barr, M. Harvey, K. Safi, S. Deppeler, K. Thompson, W. Dillon, A. Engel, and C. Law, Quantified effect of seawater biogeochemistry on the temperature dependence of sea spray aerosol fluxes Atmos. Chem. Phys., https:\/\/doi.org\/10.5194\/acp-2022-790, 2023.<\/p>\n\n\n\n<p>Shaddy, A., Thomas, J.L., et al.: Modelling the coupled mercury-halogen-ozone cycle in the central Arctic during spring, Science of the Anthropocene, 11 (1): 00129, 2023. doi.org\/10.1525\/elementa.2022.00129<\/p>\n\n\n\n<p>Smith, M. M., Angot, H., Chamberlain, E. J., Droste, E. S., Karam, S., Muilwijk, M., Webb, A. L., Archer, S. D., Beck, I., Blomquist, B. W., Bowman, J., Boyer, M., Bozzato, D., Chierici, M., Creamean, J., D\u2019Angelo, A., Delille, B., Fer, I., Fong, A. A., Fransson, A., Fuchs, N., Gardner, J., Granskog, M. A., Hoppe, C. J. M., Hoppema, M., Hoppmann, M., Mock, T., Muller, S., M\u00fcller, O., Nicolaus, M., Nomura, D., Pet\u00e4j\u00e4, T., Salganik, E., Schmale, J., Schmidt, K., Schulz, K. M., Shupe, M. D., Stefels, J., Thielke, L., Tippenhauer, S., Ulfsbo, A., van Leeuwe, M., Webster, M., Yoshimura, M., and Zhan, L.: Thin and transient meltwater layers and false bottoms in the Arctic sea ice pack-Recent insights on these historically overlooked features, Elem. Sci. Anthr., 11, 00025, https:\/\/doi.org\/10.1525\/elementa.2023.00025, 2023.<\/p>\n\n\n\n<p>Violaki et al. (2024). Chemosphere 348, 140746, DOI:10.1016\/j.chemosphere.2023.140746<\/p>\n\n\n\n<p>Willis, M.D. et al.: Polar oceans and sea ice in a changing climate, Science of the Anthropocene 11 (1):&nbsp; 00056, 2023. doi.org\/10.1525\/elementa, 2023.<\/p>\n\n\n\n<p>Yue, F., Angot, H., Blomquist, B., Schmale, J., Hoppe, C. J. M., Lei, R., Shupe, M. D., Zhan, L., Ren, J., Liu, H., Beck, I., Howard, D., Jokinen, T., Laurila, T., Qu\u00e9l\u00e9ver, L., Boyer, M., Pet\u00e4j\u00e4, T., Archer, S., Bariteau, L., Helmig, D., Hueber, J., Jacobi, H.-W., Posman, K., and Xie, Z.: The Marginal Ice Zone as a dominant source region of atmospheric mercury during central Arctic summertime, Nat. Commun., 14, 1-13, https:\/\/doi.org\/10.1038\/s41467-023-40660-9, 2023. Zouhair. L., Cornejo-D\u2019Ottone M., Singh A., Aristegui J., Dewitte, B., Fawcett S., Gar\u00e7on V., Lovecchio E., Molina V., and Vinayachandran P.N.M., 2024. Biogeochemistry of greenhouse gases in coastal upwelling systems: processes and sensitivity to global change, Elementa: Science of the Anthropocene, Elementa: Science of the Anthropocene, 12 (1): 00088, https:\/\/doi.org\/10.1525\/elementa.2023.00088<\/p>\n","protected":false},"excerpt":{"rendered":"<p>Berthet, S., Jouanno, J., S\u00e9f\u00e9rian, R., Gehlen, M., and Llovel, W.: How does the phytoplankton\u2013light feedback affect the marine N2O inventory?, Earth Syst. Dynam., 14, 399412, https:\/\/doi.org\/10.5194\/esd-14-399-2023, 2023. Capson, T.L., Boye, M., Machu, E, Schmidt, J.O., Thomas, Y., Capet, X., Diouf, M.: Expanding ocean. observation and climate services to build resilience in West African fisheries. [&hellip;]<\/p>\n","protected":false},"author":2,"featured_media":0,"parent":0,"menu_order":0,"comment_status":"closed","ping_status":"closed","template":"","meta":{"footnotes":""},"class_list":["post-316","page","type-page","status-publish","hentry"],"_links":{"self":[{"href":"https:\/\/solas-france.org\/index.php\/wp-json\/wp\/v2\/pages\/316","targetHints":{"allow":["GET"]}}],"collection":[{"href":"https:\/\/solas-france.org\/index.php\/wp-json\/wp\/v2\/pages"}],"about":[{"href":"https:\/\/solas-france.org\/index.php\/wp-json\/wp\/v2\/types\/page"}],"author":[{"embeddable":true,"href":"https:\/\/solas-france.org\/index.php\/wp-json\/wp\/v2\/users\/2"}],"replies":[{"embeddable":true,"href":"https:\/\/solas-france.org\/index.php\/wp-json\/wp\/v2\/comments?post=316"}],"version-history":[{"count":1,"href":"https:\/\/solas-france.org\/index.php\/wp-json\/wp\/v2\/pages\/316\/revisions"}],"predecessor-version":[{"id":317,"href":"https:\/\/solas-france.org\/index.php\/wp-json\/wp\/v2\/pages\/316\/revisions\/317"}],"wp:attachment":[{"href":"https:\/\/solas-france.org\/index.php\/wp-json\/wp\/v2\/media?parent=316"}],"curies":[{"name":"wp","href":"https:\/\/api.w.org\/{rel}","templated":true}]}}