{"id":376,"date":"2026-01-19T14:02:01","date_gmt":"2026-01-19T13:02:01","guid":{"rendered":"https:\/\/solas-france.org\/?page_id=376"},"modified":"2026-04-21T21:03:22","modified_gmt":"2026-04-21T19:03:22","slug":"campagnes-de-terrain","status":"publish","type":"page","link":"https:\/\/solas-france.org\/index.php\/campagnes-de-terrain\/","title":{"rendered":"Campagnes de terrain"},"content":{"rendered":"\n<div class=\"wp-block-cover alignfull is-light has-parallax has-custom-content-position is-position-bottom-center wp-elements-ae44e72899826f358e87c77b34648502\" style=\"min-height:235px;aspect-ratio:unset;\"><div class=\"wp-block-cover__image-background wp-image-24 has-parallax\" style=\"background-position:50% 50%;background-image:url(https:\/\/solas-france.org\/wp-content\/uploads\/2024\/07\/bermudes-1-1024x768.jpg)\"><\/div><span aria-hidden=\"true\" class=\"wp-block-cover__background has-background-dim-0 has-background-dim\"><\/span><div class=\"wp-block-cover__inner-container is-layout-flow wp-block-cover-is-layout-flow\">\n<p class=\"has-text-align-center has-large-font-size\"><\/p>\n<\/div><\/div>\n\n\n\n<p class=\"has-text-align-left has-vivid-cyan-blue-color has-text-color has-link-color has-open-sans-font-family has-x-large-font-size wp-elements-5e64375ec53baa384fd9b906abbb1e40\"><strong>Campagne en mer <a href=\"https:\/\/archimer.ifremer.fr\/doc\/00940\/105185\/\">SOPHYAC-Light<\/a><\/strong><\/p>\n\n\n\n<p class=\"has-vivid-cyan-blue-color has-text-color has-link-color has-open-sans-font-family has-medium-font-size wp-elements-ce2ef37a6fc1d47ef9d11646afb5d007\"><em>R.V. Marion Dufresne, <\/em>24\/12\/2024-07\/02\/2025, 54\u00b020&rsquo;E 28\u00b000&rsquo;S-63\u00b000&rsquo;E 56\u00b030&rsquo;S<\/p>\n\n\n\n<figure class=\"wp-block-gallery alignright has-nested-images columns-default is-cropped wp-block-gallery-1 is-layout-flex wp-block-gallery-is-layout-flex\">\n<figure class=\"wp-block-image size-large is-resized\" style=\"margin-right:var(--wp--preset--spacing--80);margin-left:var(--wp--preset--spacing--80)\"><img loading=\"lazy\" decoding=\"async\" width=\"904\" height=\"678\" data-id=\"403\" src=\"https:\/\/solas-france.org\/wp-content\/uploads\/2026\/01\/image-1-edited.png\" alt=\"\" class=\"wp-image-403\" style=\"width:303px;height:auto\" srcset=\"https:\/\/solas-france.org\/wp-content\/uploads\/2026\/01\/image-1-edited.png 904w, https:\/\/solas-france.org\/wp-content\/uploads\/2026\/01\/image-1-edited-300x225.png 300w, https:\/\/solas-france.org\/wp-content\/uploads\/2026\/01\/image-1-edited-768x576.png 768w\" sizes=\"auto, (max-width: 904px) 100vw, 904px\" \/><\/figure>\n<\/figure>\n\n\n\n<p class=\"has-text-align-left\">L&rsquo;objectif est d&rsquo;\u00e9tudier l&rsquo;impact des variations de luminosit\u00e9 dues \u00e0 l&rsquo;att\u00e9nuation de la couverture nuageuse dans l&rsquo;oc\u00e9an Austral sur les communaut\u00e9s phytoplanctoniques et les \u00e9missions biog\u00e9niques dans l&rsquo;atmosph\u00e8re, en particulier des esp\u00e8ces azot\u00e9es \u00e0 l&rsquo;origine de la formation de particules nuageuses. Ces questions ont \u00e9t\u00e9 abord\u00e9es exp\u00e9rimentalement lors de la campagne en mer \u00e0 l&rsquo;aide de deux cuves permettant de caract\u00e9riser les \u00e9changes \u00e0 l&rsquo;interface air-mer (<a href=\"http:\/\/doi.org\/10.1175\/BAMS-D-21-0063.1\">ASITs<\/a>).<\/p>\n\n\n\n<p class=\"has-text-align-left\"><\/p>\n\n\n\n<p class=\"has-vivid-cyan-blue-color has-text-color has-link-color has-x-large-font-size wp-elements-b663759981d929e25a45a2cdb389636f\" style=\"border-style:none;border-width:0px\"><strong><a href=\"https:\/\/solas-france.org\/index.php\/atmospheric-observations-at-amsterdam-island-in-the-southern-indian-ocean-restarting-the-site-after-a-major-fire\/\" data-type=\"page\" data-id=\"610\">Campagne de terrain sur l&rsquo;ile d&rsquo;Amsterdam<\/a> pour relancer les observations atmosph\u00e9riques apr\u00e8s l&rsquo;incendie de Janvier 2025<\/strong><\/p>\n\n\n\n<p class=\"has-vivid-cyan-blue-color has-text-color has-link-color has-medium-font-size wp-elements-c03e2ebca4016e94e398b7d550b1e2c7\"><em>R.V. Marion Dufresne, <\/em>Novembre-D\u00e9cembre 2025<\/p>\n\n\n\n<figure class=\"wp-block-image size-full\"><img loading=\"lazy\" decoding=\"async\" width=\"716\" height=\"402\" src=\"https:\/\/solas-france.org\/wp-content\/uploads\/2026\/04\/image.png\" alt=\"\" class=\"wp-image-618\" srcset=\"https:\/\/solas-france.org\/wp-content\/uploads\/2026\/04\/image.png 716w, https:\/\/solas-france.org\/wp-content\/uploads\/2026\/04\/image-300x168.png 300w\" sizes=\"auto, (max-width: 716px) 100vw, 716px\" \/><\/figure>\n\n\n\n<p class=\"has-small-font-size\" style=\"padding-top:0;padding-right:var(--wp--preset--spacing--80);padding-bottom:0;padding-left:var(--wp--preset--spacing--80)\">Photo de l&rsquo;incendie sur l&rsquo;ile d&rsquo;Amsterdam en janvier 2025 <em>(Credit: TAAF)<\/em><\/p>\n\n\n\n<p><\/p>\n","protected":false},"excerpt":{"rendered":"<p>Campagne en mer SOPHYAC-Light R.V. Marion Dufresne, 24\/12\/2024-07\/02\/2025, 54\u00b020&rsquo;E 28\u00b000&rsquo;S-63\u00b000&rsquo;E 56\u00b030&rsquo;S L&rsquo;objectif est d&rsquo;\u00e9tudier l&rsquo;impact des variations de luminosit\u00e9 dues \u00e0 l&rsquo;att\u00e9nuation de la couverture nuageuse dans l&rsquo;oc\u00e9an Austral sur les communaut\u00e9s phytoplanctoniques et les \u00e9missions biog\u00e9niques dans l&rsquo;atmosph\u00e8re, en particulier des esp\u00e8ces azot\u00e9es \u00e0 l&rsquo;origine de la formation de particules nuageuses. Ces questions ont [&hellip;]<\/p>\n","protected":false},"author":2,"featured_media":0,"parent":0,"menu_order":0,"comment_status":"closed","ping_status":"closed","template":"","meta":{"footnotes":""},"class_list":["post-376","page","type-page","status-publish","hentry"],"_links":{"self":[{"href":"https:\/\/solas-france.org\/index.php\/wp-json\/wp\/v2\/pages\/376","targetHints":{"allow":["GET"]}}],"collection":[{"href":"https:\/\/solas-france.org\/index.php\/wp-json\/wp\/v2\/pages"}],"about":[{"href":"https:\/\/solas-france.org\/index.php\/wp-json\/wp\/v2\/types\/page"}],"author":[{"embeddable":true,"href":"https:\/\/solas-france.org\/index.php\/wp-json\/wp\/v2\/users\/2"}],"replies":[{"embeddable":true,"href":"https:\/\/solas-france.org\/index.php\/wp-json\/wp\/v2\/comments?post=376"}],"version-history":[{"count":27,"href":"https:\/\/solas-france.org\/index.php\/wp-json\/wp\/v2\/pages\/376\/revisions"}],"predecessor-version":[{"id":623,"href":"https:\/\/solas-france.org\/index.php\/wp-json\/wp\/v2\/pages\/376\/revisions\/623"}],"wp:attachment":[{"href":"https:\/\/solas-france.org\/index.php\/wp-json\/wp\/v2\/media?parent=376"}],"curies":[{"name":"wp","href":"https:\/\/api.w.org\/{rel}","templated":true}]}}