{"id":57,"date":"2026-01-06T15:13:22","date_gmt":"2026-01-06T14:13:22","guid":{"rendered":"https:\/\/solas-france.org\/?page_id=57"},"modified":"2026-01-09T17:50:20","modified_gmt":"2026-01-09T16:50:20","slug":"solas-france","status":"publish","type":"page","link":"https:\/\/solas-france.org\/index.php\/solas-france\/","title":{"rendered":"SOLAS-France"},"content":{"rendered":"\n<div class=\"wp-block-group alignfull is-layout-constrained wp-block-group-is-layout-constrained\">\n<blockquote class=\"wp-block-quote is-layout-flow wp-block-quote-is-layout-flow\">\n<p class=\"has-text-align-left has-vivid-cyan-blue-color has-text-color has-open-sans-font-family has-x-large-font-size\" style=\"margin-right:0;margin-left:0;line-height:1.2\"><strong>Le site web de la communaut\u00e9 fran\u00e7aise SOLAS<\/strong><\/p>\n<\/blockquote>\n<\/div>\n\n\n\n<div class=\"wp-block-group alignwide is-content-justification-center is-nowrap is-layout-flex wp-container-core-group-is-layout-23441af8 wp-block-group-is-layout-flex\">\n<div class=\"wp-block-group is-vertical is-content-justification-center is-layout-flex wp-container-core-group-is-layout-b6c1f246 wp-block-group-is-layout-flex\">\n<div class=\"wp-block-group is-nowrap is-layout-flex wp-container-core-group-is-layout-6c531013 wp-block-group-is-layout-flex\">\n<p class=\"has-figtree-font-family has-normal-font-size\"><a href=\"https:\/\/solas-france.org\/static\/\">Ancien site<\/a><\/p>\n\n\n\n<p class=\"has-text-align-right has-figtree-font-family has-normal-font-size\"><a>Contact us<\/a><\/p>\n<\/div>\n<\/div>\n<\/div>\n\n\n\n<div class=\"wp-block-cover alignfull is-light has-parallax\"><div class=\"wp-block-cover__image-background wp-image-86 size-large has-parallax\" style=\"background-position:50% 50%;background-image:url(https:\/\/solas-france.org\/wp-content\/uploads\/2026\/01\/bermudes-4-1024x768.jpg)\"><\/div><span aria-hidden=\"true\" class=\"wp-block-cover__background has-ti-bg-background-color has-background-dim-10 has-background-dim\"><\/span><div class=\"wp-block-cover__inner-container is-layout-constrained wp-block-cover-is-layout-constrained\">\n<p> <\/p>\n<\/div><\/div>\n\n\n\n<div class=\"wp-block-group alignfull is-content-justification-center is-layout-constrained wp-block-group-is-layout-constrained\">\n<p class=\"has-text-align-center has-vivid-cyan-blue-color has-ti-bg-background-color has-text-color has-background has-link-color has-open-sans-font-family has-large-font-size wp-elements-9a19fc5b6e8378a65ae1bbae09a9693e\" style=\"padding-top:var(--wp--preset--spacing--60);padding-right:var(--wp--preset--spacing--50);padding-bottom:var(--wp--preset--spacing--60);padding-left:var(--wp--preset--spacing--50);line-height:1.3\"><strong>SOLAS est un programme international destin\u00e9 \u00e0 f\u00e9d\u00e9rer les recherches entreprises \u00e0 l\u2019interface oc\u00e9an-atmosph\u00e8re, et qui concerne donc la basse atmosph\u00e8re et la couche de surface oc\u00e9anique. Le but affich\u00e9 de SOLAS est de mieux comprendre les r\u00e9troactions qui op\u00e8rent entre les 2 milieux.<\/strong><\/p>\n\n\n\n<p> <\/p>\n<\/div>\n\n\n\n<div class=\"wp-block-group is-horizontal is-content-justification-left is-layout-flex wp-container-core-group-is-layout-1a09bdc8 wp-block-group-is-layout-flex\">\n<p class=\"has-text-align-left has-figtree-font-family has-medium-font-size\" style=\"line-height:0.9\">Cinq points cl\u00e9s d\u00e9finissent ce programme :<\/p>\n\n\n\n<p class=\"has-text-align-left has-figtree-font-family has-medium-font-size\" style=\"line-height:0.5\">1- Greenhouse gases and the oceans<\/p>\n\n\n\n<p class=\"has-text-align-left has-figtree-font-family has-medium-font-size\" style=\"line-height:0.5\">2- Air sea interface and fluxes of mass and energy<\/p>\n\n\n\n<p class=\"has-text-align-left has-figtree-font-family has-medium-font-size\" style=\"line-height:0.5\">3- Atmospheric deposition and ocean biogeochemistry<\/p>\n\n\n\n<p class=\"has-text-align-left has-figtree-font-family has-medium-font-size\" style=\"line-height:0.5\">4- Interconnections between aerosols, clouds and ecosystems<\/p>\n\n\n\n<p class=\"has-text-align-left has-figtree-font-family has-medium-font-size\" style=\"line-height:0.5\">5- Ocean biogeochemical control on atmospheric chemistry<\/p>\n<\/div>\n\n\n\n<div class=\"wp-block-group is-vertical is-layout-flex wp-container-core-group-is-layout-fe9cc265 wp-block-group-is-layout-flex\">\n<div class=\"wp-block-group is-nowrap is-layout-flex wp-container-core-group-is-layout-6c531013 wp-block-group-is-layout-flex\">\n<div class=\"wp-block-group is-content-justification-space-between is-nowrap is-layout-flex wp-container-core-group-is-layout-cb46ffcb wp-block-group-is-layout-flex\">\n<div class=\"wp-block-group is-nowrap is-layout-flex wp-container-core-group-is-layout-6c531013 wp-block-group-is-layout-flex\">\n<div class=\"wp-block-group is-content-justification-center is-nowrap is-layout-flex wp-container-core-group-is-layout-bfbbbc10 wp-block-group-is-layout-flex\">\n<div class=\"wp-block-group is-content-justification-center is-nowrap is-layout-flex wp-container-core-group-is-layout-23441af8 wp-block-group-is-layout-flex\">\n<div class=\"wp-block-group is-content-justification-center is-nowrap is-layout-flex wp-container-core-group-is-layout-23441af8 wp-block-group-is-layout-flex\">\n<p class=\"has-text-align-center has-ti-bg-inv-color has-text-color has-link-color has-figtree-font-family has-normal-font-size wp-elements-530a2a5861c47d9b6197afc2485fc94e\" style=\"margin-top:var(--wp--preset--spacing--70);margin-right:var(--wp--preset--spacing--80);margin-bottom:var(--wp--preset--spacing--70);margin-left:var(--wp--preset--spacing--80)\">                                    <em>Retrouver l\u2019organisation scientifique et pratique compl\u00e8te \u00e0 l\u2019adresse suivante :<\/em> <a href=\"http:\/\/www.solas-int.org\"><em>http:\/\/www.solas-int.org<\/em><\/a><\/p>\n<\/div>\n<\/div>\n<\/div>\n<\/div>\n<\/div>\n<\/div>\n\n\n\n<p> <\/p>\n<\/div>\n\n\n\n<p> <\/p>\n","protected":false},"excerpt":{"rendered":"<p>Le site web de la communaut\u00e9 fran\u00e7aise SOLAS Ancien site Contact us SOLAS est un programme international destin\u00e9 \u00e0 f\u00e9d\u00e9rer les recherches entreprises \u00e0 l\u2019interface oc\u00e9an-atmosph\u00e8re, et qui concerne donc la basse atmosph\u00e8re et la couche de surface oc\u00e9anique. Le but affich\u00e9 de SOLAS est de mieux comprendre les r\u00e9troactions qui op\u00e8rent entre les 2 [&hellip;]<\/p>\n","protected":false},"author":2,"featured_media":82,"parent":0,"menu_order":1,"comment_status":"closed","ping_status":"closed","template":"","meta":{"footnotes":""},"class_list":["post-57","page","type-page","status-publish","has-post-thumbnail","hentry"],"_links":{"self":[{"href":"https:\/\/solas-france.org\/index.php\/wp-json\/wp\/v2\/pages\/57","targetHints":{"allow":["GET"]}}],"collection":[{"href":"https:\/\/solas-france.org\/index.php\/wp-json\/wp\/v2\/pages"}],"about":[{"href":"https:\/\/solas-france.org\/index.php\/wp-json\/wp\/v2\/types\/page"}],"author":[{"embeddable":true,"href":"https:\/\/solas-france.org\/index.php\/wp-json\/wp\/v2\/users\/2"}],"replies":[{"embeddable":true,"href":"https:\/\/solas-france.org\/index.php\/wp-json\/wp\/v2\/comments?post=57"}],"version-history":[{"count":47,"href":"https:\/\/solas-france.org\/index.php\/wp-json\/wp\/v2\/pages\/57\/revisions"}],"predecessor-version":[{"id":144,"href":"https:\/\/solas-france.org\/index.php\/wp-json\/wp\/v2\/pages\/57\/revisions\/144"}],"wp:featuredmedia":[{"embeddable":true,"href":"https:\/\/solas-france.org\/index.php\/wp-json\/wp\/v2\/media\/82"}],"wp:attachment":[{"href":"https:\/\/solas-france.org\/index.php\/wp-json\/wp\/v2\/media?parent=57"}],"curies":[{"name":"wp","href":"https:\/\/api.w.org\/{rel}","templated":true}]}}